{"id":659,"date":"2012-07-26T19:43:42","date_gmt":"2012-07-26T19:43:42","guid":{"rendered":"http:\/\/www.bonn-kocht.de\/?page_id=659"},"modified":"2017-02-07T16:21:11","modified_gmt":"2017-02-07T16:21:11","slug":"bonn-blickt-uber-den-tellerrand","status":"publish","type":"page","link":"http:\/\/www.bonn-kocht.de\/?page_id=659","title":{"rendered":"Bonn blickt \u00fcber den Tellerrand"},"content":{"rendered":"<p>Es gibt so viele sch\u00f6ne Seiten im Internet, wo es sich lohnt, h\u00e4ngenzubleiben. Uns ist das bei den folgenden Vorschl\u00e4gen passiert:<\/p>\n<p>Eine riesige Sammlung von <a href=\"http:\/\/www.barcheck.at\/cocktails\/rezepte.php\" target=\"_blank\">Cocktail-Rezepten<\/a><\/p>\n<p><a href=\"http:\/\/www.whatsforlunchhoney.net\/\">www.whatsforlunchhoney.net\/<\/a><\/p>\n<p><a href=\"http:\/\/www.deliciousdays.com\/\" target=\"_blank\">http:\/\/www.deliciousdays.com\/<\/a><\/p>\n<p><a href=\"http:\/\/www.anonymekoeche.net\/\" target=\"_blank\">Anonyme K\u00f6che<\/a><\/p>\n<p><a href=\"http:\/\/www.taxigourmet.com\/\" target=\"_blank\">Taxi Gourmet<\/a><\/p>\n<p><a href=\"http:\/\/mitvergnuegen.com\/40-days-of-eating\" target=\"_blank\">40 days of eating<\/a><\/p>\n<p><a href=\"http:\/\/www.tea-after-twelve.com\/\" target=\"_blank\">Webmagazin Design your life &#8211; Tea after twelve<\/a><\/p>\n<p><a href=\"http:\/\/www.smart-travelling.net\/\" target=\"_blank\">Smart Travelling<\/a><\/p>\n<p><a href=\"http:\/\/drunkenmonday.wordpress.com\/\" target=\"_blank\">http:\/\/drunkenmonday.wordpress.com\/<\/a><\/p>\n<p><a href=\"http:\/\/www.wein-plus.eu\" target=\"_blank\">http:\/\/www.wein-plus.eu<\/a>\/<\/p>\n<p><a href=\"http:\/\/www.seat61.com\/\" target=\"_blank\">The Man in Seat Sixty-One&#8230;<\/a><\/p>\n<p>Essen und Genuss aus Bonn:<br \/>\n<a title=\"K\u00fcchenjunge\" href=\"http:\/\/www.kuechenjunge.com\/\" target=\"_blank\">K\u00fcchenjunge<\/a><br \/>\n<a title=\"Lust und Genuss\" href=\"http:\/\/lustundgenuss.de\/\" target=\"_blank\">Lust und Genuss<\/a><br \/>\n<a title=\"K\u00fcchenmamsell\" href=\"http:\/\/kuechenmamsell.blogspot.com\/\" target=\"_blank\">K\u00fcchenmamsell<\/a><br \/>\n<a title=\"Bonn geht essen\" href=\"http:\/\/bonngehtessen.de\" target=\"_blank\">Bonn geht essen<\/a><br \/>\n<a title=\"Frau S.\" href=\"http:\/\/frauesveraendertdiewelt.blogspot.com\/\" target=\"_blank\">Frau S. ver\u00e4ndert die Welt\u2026<\/a><br \/>\n<a title=\"Cook Mahl\" href=\"http:\/\/www.cook-mahl.com\" target=\"_blank\">Cook Mahl<\/a><\/p>\n<p>Eine \u00dcbersicht vieler weiterer Blogs aus Bonn: <a title=\"BonnerBlogs\" href=\"http:\/\/www.bonnerblogs.de\/\" target=\"_blank\">http:\/\/www.bonnerblogs.de\/<\/a><\/p>\n","protected":false},"excerpt":{"rendered":"<p>Es gibt so viele sch\u00f6ne Seiten im Internet, wo es sich lohnt, h\u00e4ngenzubleiben. Uns ist das bei den folgenden Vorschl\u00e4gen passiert: Eine riesige Sammlung von Cocktail-Rezepten www.whatsforlunchhoney.net\/ http:\/\/www.deliciousdays.com\/ Anonyme K\u00f6che Taxi Gourmet 40 days of eating Webmagazin Design your life &hellip; <a href=\"http:\/\/www.bonn-kocht.de\/?page_id=659\">Weiterlesen <span class=\"meta-nav\">&rarr;<\/span><\/a><\/p>\n","protected":false},"author":1,"featured_media":0,"parent":30,"menu_order":2,"comment_status":"closed","ping_status":"closed","template":"","meta":{"_coblocks_attr":"","_coblocks_dimensions":"","_coblocks_responsive_height":"","_coblocks_accordion_ie_support":"","om_disable_all_campaigns":false,"_monsterinsights_skip_tracking":false,"_monsterinsights_sitenote_active":false,"_monsterinsights_sitenote_note":"","_monsterinsights_sitenote_category":0,"_s2mail":"yes"},"aioseo_notices":[],"_links":{"self":[{"href":"http:\/\/www.bonn-kocht.de\/index.php?rest_route=\/wp\/v2\/pages\/659"}],"collection":[{"href":"http:\/\/www.bonn-kocht.de\/index.php?rest_route=\/wp\/v2\/pages"}],"about":[{"href":"http:\/\/www.bonn-kocht.de\/index.php?rest_route=\/wp\/v2\/types\/page"}],"author":[{"embeddable":true,"href":"http:\/\/www.bonn-kocht.de\/index.php?rest_route=\/wp\/v2\/users\/1"}],"replies":[{"embeddable":true,"href":"http:\/\/www.bonn-kocht.de\/index.php?rest_route=%2Fwp%2Fv2%2Fcomments&post=659"}],"version-history":[{"count":18,"href":"http:\/\/www.bonn-kocht.de\/index.php?rest_route=\/wp\/v2\/pages\/659\/revisions"}],"predecessor-version":[{"id":1966,"href":"http:\/\/www.bonn-kocht.de\/index.php?rest_route=\/wp\/v2\/pages\/659\/revisions\/1966"}],"up":[{"embeddable":true,"href":"http:\/\/www.bonn-kocht.de\/index.php?rest_route=\/wp\/v2\/pages\/30"}],"wp:attachment":[{"href":"http:\/\/www.bonn-kocht.de\/index.php?rest_route=%2Fwp%2Fv2%2Fmedia&parent=659"}],"curies":[{"name":"wp","href":"https:\/\/api.w.org\/{rel}","templated":true}]}}