{"id":30,"date":"2012-04-16T06:16:23","date_gmt":"2012-04-16T06:16:23","guid":{"rendered":"http:\/\/www.bonn-kocht.de\/?page_id=30"},"modified":"2012-07-26T19:51:30","modified_gmt":"2012-07-26T19:51:30","slug":"uber-uns","status":"publish","type":"page","link":"http:\/\/www.bonn-kocht.de\/?page_id=30","title":{"rendered":"\u00dcber uns und mehr"},"content":{"rendered":"<p><strong>Herzlich willkommen bei bonn-kocht.de.<\/strong><\/p>\n<p>In der Rubrik &#8220;Die Idee&#8221; erf\u00e4hrst Du, wie es zu diesem Internetprojekt gekommen ist und wer dahinter steckt.<\/p>\n<p>Au\u00dferdem blicken wir noch \u00fcber den Tellerrand und zeigen, was uns selbst \u00fcberrascht und begeistert hat.<\/p>\n","protected":false},"excerpt":{"rendered":"<p>Herzlich willkommen bei bonn-kocht.de. In der Rubrik &#8220;Die Idee&#8221; erf\u00e4hrst Du, wie es zu diesem Internetprojekt gekommen ist und wer dahinter steckt. Au\u00dferdem blicken wir noch \u00fcber den Tellerrand und zeigen, was uns selbst \u00fcberrascht und begeistert hat.<\/p>\n","protected":false},"author":1,"featured_media":0,"parent":0,"menu_order":6,"comment_status":"closed","ping_status":"closed","template":"","meta":{"_coblocks_attr":"","_coblocks_dimensions":"","_coblocks_responsive_height":"","_coblocks_accordion_ie_support":"","om_disable_all_campaigns":false,"_monsterinsights_skip_tracking":false,"_monsterinsights_sitenote_active":false,"_monsterinsights_sitenote_note":"","_monsterinsights_sitenote_category":0,"_s2mail":""},"aioseo_notices":[],"_links":{"self":[{"href":"http:\/\/www.bonn-kocht.de\/index.php?rest_route=\/wp\/v2\/pages\/30"}],"collection":[{"href":"http:\/\/www.bonn-kocht.de\/index.php?rest_route=\/wp\/v2\/pages"}],"about":[{"href":"http:\/\/www.bonn-kocht.de\/index.php?rest_route=\/wp\/v2\/types\/page"}],"author":[{"embeddable":true,"href":"http:\/\/www.bonn-kocht.de\/index.php?rest_route=\/wp\/v2\/users\/1"}],"replies":[{"embeddable":true,"href":"http:\/\/www.bonn-kocht.de\/index.php?rest_route=%2Fwp%2Fv2%2Fcomments&post=30"}],"version-history":[{"count":13,"href":"http:\/\/www.bonn-kocht.de\/index.php?rest_route=\/wp\/v2\/pages\/30\/revisions"}],"predecessor-version":[{"id":120,"href":"http:\/\/www.bonn-kocht.de\/index.php?rest_route=\/wp\/v2\/pages\/30\/revisions\/120"}],"wp:attachment":[{"href":"http:\/\/www.bonn-kocht.de\/index.php?rest_route=%2Fwp%2Fv2%2Fmedia&parent=30"}],"curies":[{"name":"wp","href":"https:\/\/api.w.org\/{rel}","templated":true}]}}